{"id":4582,"date":"2025-02-23T13:31:52","date_gmt":"2025-02-23T10:31:52","guid":{"rendered":"https:\/\/ozdcreative.com\/?page_id=4582"},"modified":"2025-02-26T11:40:29","modified_gmt":"2025-02-26T08:40:29","slug":"portfolio","status":"publish","type":"page","link":"https:\/\/ozdcreative.com\/index.php\/portfolio\/","title":{"rendered":"Portfolio"},"content":{"rendered":"\t\t<div data-elementor-type=\"wp-page\" data-elementor-id=\"4582\" class=\"elementor elementor-4582\">\n\t\t\t\t\t\t<section class=\"elementor-section elementor-top-section elementor-element elementor-element-2c5e2e elementor-section-stretched elementor-section-boxed elementor-section-height-default elementor-section-height-default\" data-id=\"2c5e2e\" data-element_type=\"section\" data-settings=\"{&quot;stretch_section&quot;:&quot;section-stretched&quot;,&quot;background_background&quot;:&quot;classic&quot;,&quot;shape_divider_top&quot;:&quot;waves&quot;}\">\n\t\t\t\t\t<div class=\"elementor-shape elementor-shape-top\" data-negative=\"false\">\n\t\t\t<svg xmlns=\"http:\/\/www.w3.org\/2000\/svg\" viewBox=\"0 0 1000 100\" preserveAspectRatio=\"none\">\n\t<path class=\"elementor-shape-fill\" d=\"M421.9,6.5c22.6-2.5,51.5,0.4,75.5,5.3c23.6,4.9,70.9,23.5,100.5,35.7c75.8,32.2,133.7,44.5,192.6,49.7\n\tc23.6,2.1,48.7,3.5,103.4-2.5c54.7-6,106.2-25.6,106.2-25.6V0H0v30.3c0,0,72,32.6,158.4,30.5c39.2-0.7,92.8-6.7,134-22.4\n\tc21.2-8.1,52.2-18.2,79.7-24.2C399.3,7.9,411.6,7.5,421.9,6.5z\"\/>\n<\/svg>\t\t<\/div>\n\t\t\t\t\t<div class=\"elementor-container elementor-column-gap-default\">\n\t\t\t\t\t<div class=\"elementor-column elementor-col-100 elementor-top-column elementor-element elementor-element-0173dc2\" data-id=\"0173dc2\" data-element_type=\"column\">\n\t\t\t<div class=\"elementor-widget-wrap elementor-element-populated\">\n\t\t\t\t\t\t<div class=\"elementor-element elementor-element-3c838f5 elementor-widget elementor-widget-pix-animated-heading\" data-id=\"3c838f5\" data-element_type=\"widget\" data-widget_type=\"pix-animated-heading.default\">\n\t\t\t\t<div class=\"elementor-widget-container\">\n\t\t\t\t\t<div class=\"text-center \"><div class=\"slide-in-container w-100 pix-slogan-text\"><h6 data-anim-type=\"slide-in-up\" class=\" font-weight-bold text-gray-5 animate-in\" >Ozd Creative ailesi olarak<\/h6><\/div><div><h1 class=\"pix-headline my-3  slide-inverse text-heading-default font-weight-bold  \" style=\"\"><span>Fark\u0131m\u0131z <\/span><span class=\"pix-words-wrapper \"><span class=\"is-visible text-gradient-primary\" >\u00d6zg\u00fcn<\/span> <span class=\"text-gradient-primary\" >Modern<\/span> <span class=\"text-gradient-primary\" >Yenilik\u00e7i<\/span> <\/span><span> olmak!<\/span><\/h1><\/div><\/div>\t\t\t\t<\/div>\n\t\t\t\t<\/div>\n\t\t\t\t<div class=\"elementor-element elementor-element-335bb38 elementor-widget__width-initial elementor-widget-mobile__width-initial elementor-widget elementor-widget-pix-text\" data-id=\"335bb38\" data-element_type=\"widget\" data-widget_type=\"pix-text.default\">\n\t\t\t\t<div class=\"elementor-widget-container\">\n\t\t\t\t\t<div class=\"pix-el-text w-100 text-center \" ><p class=\"resp-option text-center \"><p>Her projeyi kendi projemiz olarak g\u00f6r\u00fcyor ve bu do\u011frultuda projelerimizi geli\u015ftirirken ko\u015fulsuz m\u00fc\u015fteri memnuniyetini hedefliyoruz.<\/p><\/p><\/div>\t\t\t\t<\/div>\n\t\t\t\t<\/div>\n\t\t\t\t\t<\/div>\n\t\t<\/div>\n\t\t\t\t\t<\/div>\n\t\t<\/section>\n\t\t<div class=\"elementor-element elementor-element-281c23e e-flex e-con-boxed e-con e-parent\" data-id=\"281c23e\" data-element_type=\"container\">\n\t\t\t\t\t<div class=\"e-con-inner\">\n\t\t\t\t<div class=\"elementor-element elementor-element-47f9654 elementor-widget elementor-widget-pix-portfolio\" data-id=\"47f9654\" data-element_type=\"widget\" data-widget_type=\"pix-portfolio.default\">\n\t\t\t\t<div class=\"elementor-widget-container\">\n\t\t\t\t\t<div class=\"\"><div class=\"pix-portfolio\"><div class=\"col-12 pix-pb-50 text-center  pix-portfolio-nav\"><a href=\"#\" data-category=\"*\" class=\"portfolio_filter is-checked btn btn-link btn-colored-shadow\"><strong>All<\/strong><\/a><a href=\"#\" data-category=\".category-afis-brosur-tasarimi\" class=\"portfolio_filter btn btn-link btn-colored-shadow\"><strong>Afi\u015f | Bro\u015f\u00fcr<\/strong><\/a><a href=\"#\" data-category=\".category-ambalaj-etiket-tasarimi\" class=\"portfolio_filter btn btn-link btn-colored-shadow\"><strong>Ambalaj | Etiket<\/strong><\/a><a href=\"#\" data-category=\".category-katalog-tasarimi\" class=\"portfolio_filter btn btn-link btn-colored-shadow\"><strong>Katalog<\/strong><\/a><a href=\"#\" data-category=\".category-logo-tasarimi\" class=\"portfolio_filter btn btn-link btn-colored-shadow\"><strong>Logo | Kurumsal Kimlik<\/strong><\/a><a href=\"#\" data-category=\".category-outdoor-indoor-tasarimi\" class=\"portfolio_filter btn btn-link btn-colored-shadow\"><strong>Outdoor | Indoor<\/strong><\/a><a href=\"#\" data-category=\".category-sosyal-medya-tasarimi\" class=\"portfolio_filter btn btn-link btn-colored-shadow\"><strong>Sosyal Medya<\/strong><\/a><\/div><div class=\" portfolio_grid\" style=\"width:100%\"><div class=\"col-12 pb-4 grid-item category-afis-brosur-tasarimi category-ambalaj-etiket-tasarimi category-katalog-tasarimi category-logo-tasarimi category-outdoor-indoor-tasarimi category-sosyal-medya-tasarimi   col-md-6 col-lg-4\" data-category=\"transition\"><div class=\"card bg-white rounded-0 overflow-hidden fly-sm shadow w-100 animate-in\" data-anim-type=\"fade-in\" data-anim-delay=\"200\"><a href=\"https:\/\/ozdcreative.com\/index.php\/portfolio-item\/akademi\/\"><img loading=\"lazy\" decoding=\"async\" width=\"1200\" height=\"1500\" src=\"https:\/\/ozdcreative.com\/wp-content\/uploads\/2025\/02\/content-image-3.jpg\" class=\"card-img img-fluid card-img-top rounded-0\" alt=\"Sahilk\u00f6y Marina Evleri\" loading=\"lazy\" srcset=\"https:\/\/ozdcreative.com\/wp-content\/uploads\/2025\/02\/content-image-3.jpg 1200w, https:\/\/ozdcreative.com\/wp-content\/uploads\/2025\/02\/content-image-3-240x300.jpg 240w, https:\/\/ozdcreative.com\/wp-content\/uploads\/2025\/02\/content-image-3-819x1024.jpg 819w, https:\/\/ozdcreative.com\/wp-content\/uploads\/2025\/02\/content-image-3-768x960.jpg 768w\" sizes=\"auto, (max-width: 1200px) 100vw, 1200px\" \/><\/a><div class=\"pix-p-20\"><div class=\"d-flex\"><div class=\"align-self-center card-content-box\"><a class=\"text-heading-default\" href=\"https:\/\/ozdcreative.com\/index.php\/portfolio-item\/akademi\/\"><h6 class=\"card-title mb-1 secondary-font\"><strong>Sahilk\u00f6y Marina Evleri<\/strong><\/h6><\/a><\/div><\/div><div class=\"card-footer text-right d-flex align-items-end2 px-0 py-1 w-100 bg-transparent\" style=\"line-height:0;\"><div class=\"flex-fill text-left\"><a class=\"mb-1 d-inline-block\" href=\"https:\/\/ozdcreative.com\/index.php\/portfolio-types\/afis-brosur-tasarimi\/\"><span class=\"pix-badge-element custom d-inline-flex mr-1 \"  ><span class=\"badge font-weight-bold bg-primary-light  \" style=\"font-size:14px; padding:5px 10px;line-height:14px;\"><span class=\"text-primary\" style=\"\">Afi\u015f | Bro\u015f\u00fcr<\/span><\/span><\/span><\/a><a class=\"mb-1 d-inline-block\" href=\"https:\/\/ozdcreative.com\/index.php\/portfolio-types\/ambalaj-etiket-tasarimi\/\"><span class=\"pix-badge-element custom d-inline-flex mr-1 \"  ><span class=\"badge font-weight-bold bg-primary-light  \" style=\"font-size:14px; padding:5px 10px;line-height:14px;\"><span class=\"text-primary\" style=\"\">Ambalaj | Etiket<\/span><\/span><\/span><\/a><a class=\"mb-1 d-inline-block\" href=\"https:\/\/ozdcreative.com\/index.php\/portfolio-types\/katalog-tasarimi\/\"><span class=\"pix-badge-element custom d-inline-flex mr-1 \"  ><span class=\"badge font-weight-bold bg-primary-light  \" style=\"font-size:14px; padding:5px 10px;line-height:14px;\"><span class=\"text-primary\" style=\"\">Katalog<\/span><\/span><\/span><\/a><a class=\"mb-1 d-inline-block\" href=\"https:\/\/ozdcreative.com\/index.php\/portfolio-types\/logo-tasarimi\/\"><span class=\"pix-badge-element custom d-inline-flex mr-1 \"  ><span class=\"badge font-weight-bold bg-primary-light  \" style=\"font-size:14px; padding:5px 10px;line-height:14px;\"><span class=\"text-primary\" style=\"\">Logo | Kurumsal Kimlik<\/span><\/span><\/span><\/a><a class=\"mb-1 d-inline-block\" href=\"https:\/\/ozdcreative.com\/index.php\/portfolio-types\/outdoor-indoor-tasarimi\/\"><span class=\"pix-badge-element custom d-inline-flex mr-1 \"  ><span class=\"badge font-weight-bold bg-primary-light  \" style=\"font-size:14px; padding:5px 10px;line-height:14px;\"><span class=\"text-primary\" style=\"\">Outdoor | Indoor<\/span><\/span><\/span><\/a><a class=\"mb-1 d-inline-block\" href=\"https:\/\/ozdcreative.com\/index.php\/portfolio-types\/sosyal-medya-tasarimi\/\"><span class=\"pix-badge-element custom d-inline-flex mr-1 \"  ><span class=\"badge font-weight-bold bg-primary-light  \" style=\"font-size:14px; padding:5px 10px;line-height:14px;\"><span class=\"text-primary\" style=\"\">Sosyal Medya<\/span><\/span><\/span><\/a><\/div><div class=\"flex-fill justify-content-end d-flex align-items-center text-right\"><a href=\"#\" class=\"d-inline-block position-relative text-xs align-items-center pixfort-likes\" id=\"pixfort-likes-4664\" title=\"Like this\"><span class=\"pixfort-likes-small d-flex align-items-center justify-content-center text-right text-xs text-body-default svg-body-default \"><span class=\"pixfort-likes-icon d-inline-block pix-pr-5\"><svg height=\"16\" viewBox=\"0 0 18 16\" width=\"18\" xmlns=\"http:\/\/www.w3.org\/2000\/svg\"><path d=\"m.22464899 6.06896552c1.01092043 3.75172414 5.64430577 7.53103448 8.42433697 9.79310348.11232449.0827586.22464899.137931.3650546.137931.14040562 0 .25273011-.0551724.3650546-.137931 4.85803434-4 7.60998444-7.17241383 8.39625584-9.73793107.0561623-.19310345.1123245-.4137931.1684868-.63448276v-.08275862c.0280811-.22068965.0561622-.44137931.0561622-.63448276v-.0275862-.02758621c0-2.59310345-2.1341654-4.68965517-4.773791-4.68965517-1.6848673 0-3.28549137.85517241-4.21216844 2.12413793-.95475819-1.29655173-2.55538221-2.15172414-4.24024961-2.15172414-2.58346334 0-4.66146646 1.95862069-4.77379095 4.49655172v.08275862.05517242.05517241c0 .46896552.08424337.96551724.22464899 1.37931035zm1.35035101-1.21735262v-.02580645c.05294118-1.83225806 1.56176471-3.27741935 3.44117647-3.27741935 1.50882353 0 2.93823529.9032258 3.44117647 2.16774193.05294118.20645162.21176471.36129032.42352941.41290323.26470589.0516129.50294118-.10322581.58235294-.33548387.50294118-1.29032258 1.98529411-2.24516129 3.49411761-2.24516129 1.9058824 0 3.4411765 1.49677419 3.4411765 3.35483871v.0516129c0 .15483871-.0264706.30967742-.0529412.46451613v.0516129c-.0264706.15483871-.0794117.33548387-.1058823.49032258-.6617647 2.09032258-3.0970588 4.90322578-7.25294119 8.33548388-2.54117647-2.0645161-6.43235295-5.31612904-7.25294118-8.38709678-.10588235-.33548387-.15882353-.67096774-.15882353-1.00645161 0 0 0-.02580646 0-.05161291z\" fill=\"#bbb\"\/><\/svg><\/span><span class=\"pixfort-likes-count align-middle font-weight-bold\" data-count=\"2\">-<\/span><\/span><\/a><\/div><\/div><\/div><\/div><\/div><div class=\"col-12 pb-4 grid-item   col-md-6 col-lg-4\" data-category=\"transition\"><div class=\"card bg-white rounded-0 overflow-hidden fly-sm shadow w-100 animate-in\" data-anim-type=\"fade-in\" data-anim-delay=\"200\"><a href=\"https:\/\/ozdcreative.com\/index.php\/portfolio-item\/mia-crema\/\"><img loading=\"lazy\" decoding=\"async\" width=\"1200\" height=\"900\" src=\"https:\/\/ozdcreative.com\/wp-content\/uploads\/2025\/02\/image-cta.png\" class=\"card-img img-fluid card-img-top rounded-0\" alt=\"Mia Crema\" loading=\"lazy\" srcset=\"https:\/\/ozdcreative.com\/wp-content\/uploads\/2025\/02\/image-cta.png 1200w, https:\/\/ozdcreative.com\/wp-content\/uploads\/2025\/02\/image-cta-300x225.png 300w, https:\/\/ozdcreative.com\/wp-content\/uploads\/2025\/02\/image-cta-1024x768.png 1024w, https:\/\/ozdcreative.com\/wp-content\/uploads\/2025\/02\/image-cta-768x576.png 768w, https:\/\/ozdcreative.com\/wp-content\/uploads\/2025\/02\/image-cta-600x450.png 600w\" sizes=\"auto, (max-width: 1200px) 100vw, 1200px\" \/><\/a><div class=\"pix-p-20\"><div class=\"d-flex\"><div class=\"align-self-center card-content-box\"><a class=\"text-heading-default\" href=\"https:\/\/ozdcreative.com\/index.php\/portfolio-item\/mia-crema\/\"><h6 class=\"card-title mb-1 secondary-font\"><strong>Mia Crema<\/strong><\/h6><\/a><\/div><\/div><div class=\"card-footer text-right d-flex align-items-end2 px-0 py-1 w-100 bg-transparent\" style=\"line-height:0;\"><div class=\"flex-fill text-left\"><\/div><div class=\"flex-fill justify-content-end d-flex align-items-center text-right\"><a href=\"#\" class=\"d-inline-block position-relative text-xs align-items-center pixfort-likes\" id=\"pixfort-likes-4412\" title=\"Like this\"><span class=\"pixfort-likes-small d-flex align-items-center justify-content-center text-right text-xs text-body-default svg-body-default \"><span class=\"pixfort-likes-icon d-inline-block pix-pr-5\"><svg height=\"16\" viewBox=\"0 0 18 16\" width=\"18\" xmlns=\"http:\/\/www.w3.org\/2000\/svg\"><path d=\"m.22464899 6.06896552c1.01092043 3.75172414 5.64430577 7.53103448 8.42433697 9.79310348.11232449.0827586.22464899.137931.3650546.137931.14040562 0 .25273011-.0551724.3650546-.137931 4.85803434-4 7.60998444-7.17241383 8.39625584-9.73793107.0561623-.19310345.1123245-.4137931.1684868-.63448276v-.08275862c.0280811-.22068965.0561622-.44137931.0561622-.63448276v-.0275862-.02758621c0-2.59310345-2.1341654-4.68965517-4.773791-4.68965517-1.6848673 0-3.28549137.85517241-4.21216844 2.12413793-.95475819-1.29655173-2.55538221-2.15172414-4.24024961-2.15172414-2.58346334 0-4.66146646 1.95862069-4.77379095 4.49655172v.08275862.05517242.05517241c0 .46896552.08424337.96551724.22464899 1.37931035zm1.35035101-1.21735262v-.02580645c.05294118-1.83225806 1.56176471-3.27741935 3.44117647-3.27741935 1.50882353 0 2.93823529.9032258 3.44117647 2.16774193.05294118.20645162.21176471.36129032.42352941.41290323.26470589.0516129.50294118-.10322581.58235294-.33548387.50294118-1.29032258 1.98529411-2.24516129 3.49411761-2.24516129 1.9058824 0 3.4411765 1.49677419 3.4411765 3.35483871v.0516129c0 .15483871-.0264706.30967742-.0529412.46451613v.0516129c-.0264706.15483871-.0794117.33548387-.1058823.49032258-.6617647 2.09032258-3.0970588 4.90322578-7.25294119 8.33548388-2.54117647-2.0645161-6.43235295-5.31612904-7.25294118-8.38709678-.10588235-.33548387-.15882353-.67096774-.15882353-1.00645161 0 0 0-.02580646 0-.05161291z\" fill=\"#bbb\"\/><\/svg><\/span><span class=\"pixfort-likes-count align-middle font-weight-bold\" data-count=\"0\">-<\/span><\/span><\/a><\/div><\/div><\/div><\/div><\/div><\/div><\/div><\/div>\t\t\t\t<\/div>\n\t\t\t\t<\/div>\n\t\t\t\t\t<\/div>\n\t\t\t\t<\/div>\n\t\t\t\t<\/div>\n\t\t","protected":false},"excerpt":{"rendered":"<p>Ozd Creative ailesi olarak Fark\u0131m\u0131z \u00d6zg\u00fcn Modern Yenilik\u00e7i olmak! Her projeyi kendi projemiz olarak g\u00f6r\u00fcyor ve bu do\u011frultuda projelerimizi geli\u015ftirirken ko\u015fulsuz m\u00fc\u015fteri memnuniyetini hedefliyoruz. AllAfi\u015f | Bro\u015f\u00fcrAmbalaj | EtiketKatalogLogo | Kurumsal KimlikOutdoor | IndoorSosyal Medya Sahilk\u00f6y Marina Evleri Afi\u015f |&#8230;<\/p>\n","protected":false},"author":1,"featured_media":0,"parent":0,"menu_order":0,"comment_status":"closed","ping_status":"closed","template":"elementor_header_footer","meta":{"inline_featured_image":false,"footnotes":""},"class_list":["post-4582","page","type-page","status-publish","hentry"],"_links":{"self":[{"href":"https:\/\/ozdcreative.com\/index.php\/wp-json\/wp\/v2\/pages\/4582","targetHints":{"allow":["GET"]}}],"collection":[{"href":"https:\/\/ozdcreative.com\/index.php\/wp-json\/wp\/v2\/pages"}],"about":[{"href":"https:\/\/ozdcreative.com\/index.php\/wp-json\/wp\/v2\/types\/page"}],"author":[{"embeddable":true,"href":"https:\/\/ozdcreative.com\/index.php\/wp-json\/wp\/v2\/users\/1"}],"replies":[{"embeddable":true,"href":"https:\/\/ozdcreative.com\/index.php\/wp-json\/wp\/v2\/comments?post=4582"}],"version-history":[{"count":170,"href":"https:\/\/ozdcreative.com\/index.php\/wp-json\/wp\/v2\/pages\/4582\/revisions"}],"predecessor-version":[{"id":5662,"href":"https:\/\/ozdcreative.com\/index.php\/wp-json\/wp\/v2\/pages\/4582\/revisions\/5662"}],"wp:attachment":[{"href":"https:\/\/ozdcreative.com\/index.php\/wp-json\/wp\/v2\/media?parent=4582"}],"curies":[{"name":"wp","href":"https:\/\/api.w.org\/{rel}","templated":true}]}}