{"id":5669,"date":"2025-02-26T21:27:22","date_gmt":"2025-02-26T18:27:22","guid":{"rendered":"https:\/\/ozdcreative.com\/?page_id=5669"},"modified":"2025-02-27T01:17:55","modified_gmt":"2025-02-26T22:17:55","slug":"referanslar","status":"publish","type":"page","link":"https:\/\/ozdcreative.com\/index.php\/referanslar\/","title":{"rendered":"Referanslar"},"content":{"rendered":"\t\t<div data-elementor-type=\"wp-page\" data-elementor-id=\"5669\" class=\"elementor elementor-5669\">\n\t\t\t\t\t\t<section class=\"elementor-section elementor-top-section elementor-element elementor-element-3bbc0fad elementor-section-stretched pix-scale-in-sm elementor-section-boxed elementor-section-height-default elementor-section-height-default\" data-id=\"3bbc0fad\" data-element_type=\"section\" data-settings=\"{&quot;stretch_section&quot;:&quot;section-stretched&quot;,&quot;background_background&quot;:&quot;classic&quot;}\">\n\t\t\t\t\t\t<div class=\"elementor-container elementor-column-gap-default\">\n\t\t\t\t\t<div class=\"elementor-column elementor-col-100 elementor-top-column elementor-element elementor-element-5bca2b3\" data-id=\"5bca2b3\" data-element_type=\"column\">\n\t\t\t<div class=\"elementor-widget-wrap elementor-element-populated\">\n\t\t\t\t\t\t<div class=\"elementor-element elementor-element-7a1940e7 elementor-widget elementor-widget-pix-numbers\" data-id=\"7a1940e7\" data-element_type=\"widget\" data-widget_type=\"pix-numbers.default\">\n\t\t\t\t<div class=\"elementor-widget-container\">\n\t\t\t\t\t<div class=\"pix_numbers animate-math \"><div><h1 class=\"align-self-center text-center display-1\"><span class=\"number-title font-weight-bold text-white\" style=\"\">+<\/span><span class=\"number-title number font-weight-bold text-white\" style=\"\" data-duration=\"1500\" data-to=\"1006\">0<\/span><span class=\"number-title font-weight-bold text-white\" style=\"\"><\/span><\/h1><\/div><\/div>\n\t\t\t\t<\/div>\n\t\t\t\t<\/div>\n\t\t\t\t<div class=\"elementor-element elementor-element-4bb27998 elementor-widget elementor-widget-pix-sliding-text\" data-id=\"4bb27998\" data-element_type=\"widget\" data-widget_type=\"pix-sliding-text.default\">\n\t\t\t\t<div class=\"elementor-widget-container\">\n\t\t\t\t\t<div id=\"el-4bb27998\" class=\"mb-3 text-center \"><h1 class=\"mb-32 pix-sliding-headline-2 animate-in font-weight-bold secondary-font \" data-anim-type=\"pix-sliding-text\" pix-anim-delay=\"500\" data-class=\"secondary-font text-gradient-primary\" style=\"\"><span class=\"slide-in-container \"><span class=\"pix-sliding-item secondary-font text-gradient-primary\" style=\"transition-delay: 0ms;\">Bir&#32;<\/span><\/span> <span class=\"slide-in-container \"><span class=\"pix-sliding-item secondary-font text-gradient-primary\" style=\"transition-delay: 150ms;\">\u00e7ok&#32;<\/span><\/span> <span class=\"slide-in-container \"><span class=\"pix-sliding-item secondary-font text-gradient-primary\" style=\"transition-delay: 300ms;\">ulusal&#32;<\/span><\/span> <span class=\"slide-in-container \"><span class=\"pix-sliding-item secondary-font text-gradient-primary\" style=\"transition-delay: 450ms;\">marka&#32;<\/span><\/span> <span class=\"slide-in-container \"><span class=\"pix-sliding-item secondary-font text-gradient-primary\" style=\"transition-delay: 600ms;\">bize&#32;<\/span><\/span> <span class=\"slide-in-container \"><span class=\"pix-sliding-item secondary-font text-gradient-primary\" style=\"transition-delay: 750ms;\">g\u00fcvendi,&#32;<\/span><\/span> <span class=\"slide-in-container \"><span class=\"pix-sliding-item secondary-font text-gradient-primary\" style=\"transition-delay: 900ms;\">s\u0131ra&#32;<\/span><\/span> <span class=\"slide-in-container \"><span class=\"pix-sliding-item secondary-font text-gradient-primary\" style=\"transition-delay: 1050ms;\">sizde!&#32;<\/span><\/span> <\/h1><\/div>\t\t\t\t<\/div>\n\t\t\t\t<\/div>\n\t\t\t\t<div class=\"elementor-element elementor-element-2553e19a elementor-invisible elementor-widget elementor-widget-pix-heading\" data-id=\"2553e19a\" data-element_type=\"widget\" data-widget_type=\"pix-heading.default\">\n\t\t\t\t<div class=\"elementor-widget-container\">\n\t\t\t\t\t<div  class=\"pix-heading-el text-center \"><h6 class=\"text-light-opacity-7 font-weight-bold h6 animate-in heading-text el-title_custom_color mb-12\" style=\"\" data-anim-type=\"fade-in-left\" data-anim-delay=\"400\">Rakiplerinizin \u00f6n\u00fcne ge\u00e7in<\/h6><\/div>\t\t\t\t<\/div>\n\t\t\t\t<\/div>\n\t\t\t\t<div class=\"elementor-element elementor-element-5da56f9d elementor-invisible elementor-widget elementor-widget-pix-clients\" data-id=\"5da56f9d\" data-element_type=\"widget\" data-widget_type=\"pix-clients.default\">\n\t\t\t\t<div class=\"elementor-widget-container\">\n\t\t\t\t\t<div class=\"clients row  \"><div class=\"d-none d-md-block clearfix w-100 col-12\"><\/div><div class=\"col-md col-12 -4 fly-sm text-center client2 d-inline-block2 d-inline-flex client\"><a target=\"_blank\" href=\"#\" class=\"client2 align-self-center py-3 d-inline-block w-100\" title=\"\u00dclker\"><img decoding=\"async\" src=\"https:\/\/ozdcreative.com\/wp-content\/uploads\/2025\/02\/ulker-homeslider-logo-white.svg\" width=\"180\" height=\"90\" class=\"animate-in\" alt=\"\u00dclker\" data-anim-type=\"fade-in\" data-anim-delay=\"0\"><\/a><\/div><div class=\"col-md col-12 -4 fly-sm text-center client2 d-inline-block2 d-inline-flex client\"><a target=\"_blank\" href=\"#\" class=\"client2 align-self-center py-3 d-inline-block w-100\" title=\"Sweeto\"><img decoding=\"async\" src=\"https:\/\/ozdcreative.com\/wp-content\/uploads\/2025\/02\/Sweeto-homeslider-logo-white.svg\" width=\"180\" height=\"90\" class=\"animate-in\" alt=\"Sweeto\" data-anim-type=\"fade-in\" data-anim-delay=\"200\"><\/a><\/div><div class=\"col-md col-12 -4 fly-sm text-center client2 d-inline-block2 d-inline-flex client\"><a target=\"_blank\" href=\"#\" class=\"client2 align-self-center py-3 d-inline-block w-100\" title=\"Metropol card\"><img decoding=\"async\" src=\"https:\/\/ozdcreative.com\/wp-content\/uploads\/2025\/02\/metropol-homeslider-logo-white.svg\" width=\"180\" height=\"90\" class=\"animate-in\" alt=\"Metropol card\" data-anim-type=\"fade-in\" data-anim-delay=\"400\"><\/a><\/div><div class=\"col-md col-12 -4 fly-sm text-center client2 d-inline-block2 d-inline-flex client\"><a target=\"_blank\" href=\"#\" class=\"client2 align-self-center py-3 d-inline-block w-100\" title=\"Hassa\"><img loading=\"lazy\" decoding=\"async\" src=\"https:\/\/ozdcreative.com\/wp-content\/uploads\/2025\/02\/hassa-homeslider-logo-white.svg\" width=\"180\" height=\"90\" class=\"animate-in\" alt=\"Hassa\" data-anim-type=\"fade-in\" data-anim-delay=\"600\"><\/a><\/div><div class=\"d-none d-md-block clearfix w-100 col-12\"><\/div><div class=\"col-md col-12 -4 fly-sm text-center client2 d-inline-block2 d-inline-flex client\"><a target=\"_blank\" href=\"#\" class=\"client2 align-self-center py-3 d-inline-block w-100\" title=\"Chipping\"><img loading=\"lazy\" decoding=\"async\" src=\"https:\/\/ozdcreative.com\/wp-content\/uploads\/2025\/02\/chippin-homeslider-logo-white-2.svg\" width=\"180\" height=\"90\" class=\"animate-in\" alt=\"Chipping\" data-anim-type=\"fade-in\" data-anim-delay=\"800\"><\/a><\/div><div class=\"col-md col-12 -4 fly-sm text-center client2 d-inline-block2 d-inline-flex client\"><a target=\"_blank\" href=\"#\" class=\"client2 align-self-center py-3 d-inline-block w-100\" title=\"Burak Tar\u0131m\"><img loading=\"lazy\" decoding=\"async\" src=\"https:\/\/ozdcreative.com\/wp-content\/uploads\/2025\/02\/buraktarim-homeslider-logo-white-2.svg\" width=\"180\" height=\"90\" class=\"animate-in\" alt=\"Burak Tar\u0131m\" data-anim-type=\"fade-in\" data-anim-delay=\"1000\"><\/a><\/div><div class=\"col-md col-12 -4 fly-sm text-center client2 d-inline-block2 d-inline-flex client\"><a target=\"_blank\" href=\"#\" class=\"client2 align-self-center py-3 d-inline-block w-100\" title=\"\u00d6zmer\"><img loading=\"lazy\" decoding=\"async\" src=\"https:\/\/ozdcreative.com\/wp-content\/uploads\/2025\/02\/ozmer-homeslider-logo-white-4.svg\" width=\"180\" height=\"90\" class=\"animate-in\" alt=\"\u00d6zmer\" data-anim-type=\"fade-in\" data-anim-delay=\"1200\"><\/a><\/div><div class=\"col-md col-12 -4 fly-sm text-center client2 d-inline-block2 d-inline-flex client\"><a target=\"_blank\" href=\"#\" class=\"client2 align-self-center py-3 d-inline-block w-100\" title=\"Dwg\"><img loading=\"lazy\" decoding=\"async\" src=\"https:\/\/ozdcreative.com\/wp-content\/uploads\/2025\/02\/dwg-homeslider-logo-white-2.svg\" width=\"180\" height=\"90\" class=\"animate-in\" alt=\"Dwg\" data-anim-type=\"fade-in\" data-anim-delay=\"1400\"><\/a><\/div><\/div>\n\t\t\t\t<\/div>\n\t\t\t\t<\/div>\n\t\t\t\t\t<\/div>\n\t\t<\/div>\n\t\t\t\t\t<\/div>\n\t\t<\/section>\n\t\t\t\t<section class=\"elementor-section elementor-top-section elementor-element elementor-element-43d62942 elementor-section-stretched pix-scale-in-sm elementor-section-boxed elementor-section-height-default elementor-section-height-default\" data-id=\"43d62942\" data-element_type=\"section\" data-settings=\"{&quot;stretch_section&quot;:&quot;section-stretched&quot;,&quot;background_background&quot;:&quot;classic&quot;}\">\n\t\t\t\t\t\t<div class=\"elementor-container elementor-column-gap-default\">\n\t\t\t\t\t<div class=\"elementor-column elementor-col-100 elementor-top-column elementor-element elementor-element-359e5381\" data-id=\"359e5381\" data-element_type=\"column\">\n\t\t\t<div class=\"elementor-widget-wrap elementor-element-populated\">\n\t\t\t\t\t\t<div class=\"elementor-element elementor-element-7479b3e3 elementor-widget elementor-widget-pix-clients\" data-id=\"7479b3e3\" data-element_type=\"widget\" data-widget_type=\"pix-clients.default\">\n\t\t\t\t<div class=\"elementor-widget-container\">\n\t\t\t\t\t<div class=\"clients row  \"><div class=\"d-none d-md-block clearfix w-100 col-12\"><\/div><div class=\"col-md col-12 -4 fly-sm text-center client2 d-inline-block2 d-inline-flex client\"><a target=\"_blank\" href=\"#\" class=\"client2 align-self-center py-3 d-inline-block w-100\" title=\"Beyda\"><img loading=\"lazy\" decoding=\"async\" src=\"https:\/\/ozdcreative.com\/wp-content\/uploads\/2025\/02\/beyda-logo.svg\" width=\"180\" height=\"90\" class=\"animate-in\" alt=\"Beyda\" data-anim-type=\"\" data-anim-delay=\"0\"><\/a><\/div><div class=\"col-md col-12 -4 fly-sm text-center client2 d-inline-block2 d-inline-flex client\"><a target=\"_blank\" href=\"#\" class=\"client2 align-self-center py-3 d-inline-block w-100\" title=\"Callei\"><img loading=\"lazy\" decoding=\"async\" src=\"https:\/\/ozdcreative.com\/wp-content\/uploads\/2025\/02\/callei-logo.svg\" width=\"180\" height=\"90\" class=\"animate-in\" alt=\"Callei\" data-anim-type=\"\" data-anim-delay=\"0\"><\/a><\/div><div class=\"col-md col-12 -4 fly-sm text-center client2 d-inline-block2 d-inline-flex client\"><a target=\"_blank\" href=\"#\" class=\"client2 align-self-center py-3 d-inline-block w-100\" title=\"Mia Crema\"><img loading=\"lazy\" decoding=\"async\" src=\"https:\/\/ozdcreative.com\/wp-content\/uploads\/2025\/02\/mia-crema-logo.svg\" width=\"180\" height=\"90\" class=\"animate-in\" alt=\"Mia Crema\" data-anim-type=\"\" data-anim-delay=\"0\"><\/a><\/div><div class=\"col-md col-12 -4 fly-sm text-center client2 d-inline-block2 d-inline-flex client\"><a target=\"_blank\" href=\"#\" class=\"client2 align-self-center py-3 d-inline-block w-100\" title=\"Ovaleks\"><img loading=\"lazy\" decoding=\"async\" src=\"https:\/\/ozdcreative.com\/wp-content\/uploads\/2025\/02\/ovaleks-logo.svg\" width=\"180\" height=\"90\" class=\"animate-in\" alt=\"Ovaleks\" data-anim-type=\"\" data-anim-delay=\"0\"><\/a><\/div><div class=\"d-none d-md-block clearfix w-100 col-12\"><\/div><div class=\"col-md col-12 -4 fly-sm text-center client2 d-inline-block2 d-inline-flex client\"><a target=\"_blank\" href=\"#\" class=\"client2 align-self-center py-3 d-inline-block w-100\" title=\"Beylikd\u00fcz\u00fc SK\"><img loading=\"lazy\" decoding=\"async\" src=\"https:\/\/ozdcreative.com\/wp-content\/uploads\/2025\/02\/Beylikduzu-sk-logo.svg\" width=\"180\" height=\"90\" class=\"animate-in\" alt=\"Beylikd\u00fcz\u00fc SK\" data-anim-type=\"\" data-anim-delay=\"0\"><\/a><\/div><div class=\"col-md col-12 -4 fly-sm text-center client2 d-inline-block2 d-inline-flex client\"><a target=\"_blank\" href=\"#\" class=\"client2 align-self-center py-3 d-inline-block w-100\" title=\"Wtb\"><img loading=\"lazy\" decoding=\"async\" src=\"https:\/\/ozdcreative.com\/wp-content\/uploads\/2025\/02\/wtb-logo.svg\" width=\"180\" height=\"90\" class=\"animate-in\" alt=\"Wtb\" data-anim-type=\"\" data-anim-delay=\"0\"><\/a><\/div><div class=\"col-md col-12 -4 fly-sm text-center client2 d-inline-block2 d-inline-flex client\"><a target=\"_blank\" href=\"#\" class=\"client2 align-self-center py-3 d-inline-block w-100\" title=\"Alt\u0131n Usta\"><img loading=\"lazy\" decoding=\"async\" src=\"https:\/\/ozdcreative.com\/wp-content\/uploads\/2025\/02\/altinusta-logo.svg\" width=\"180\" height=\"90\" class=\"animate-in\" alt=\"Alt\u0131n Usta\" data-anim-type=\"\" data-anim-delay=\"0\"><\/a><\/div><div class=\"col-md col-12 -4 fly-sm text-center client2 d-inline-block2 d-inline-flex client\"><a target=\"_blank\" href=\"#\" class=\"client2 align-self-center py-3 d-inline-block w-100\" title=\"Anjum Hotel\"><img loading=\"lazy\" decoding=\"async\" src=\"https:\/\/ozdcreative.com\/wp-content\/uploads\/2025\/02\/anjum-logo.svg\" width=\"180\" height=\"90\" class=\"animate-in\" alt=\"Anjum Hotel\" data-anim-type=\"\" data-anim-delay=\"0\"><\/a><\/div><\/div>\n\t\t\t\t<\/div>\n\t\t\t\t<\/div>\n\t\t\t\t<div class=\"elementor-element elementor-element-64e59445 elementor-widget elementor-widget-pix-button\" data-id=\"64e59445\" data-element_type=\"widget\" data-widget_type=\"pix-button.default\">\n\t\t\t\t<div class=\"elementor-widget-container\">\n\t\t\t\t\t<div class=\"d-block w-100 text-center\"><a  href=\"\/index.php\/iletisim\" class=\"btn m-0     shadow-sm btn-primary d-inline-flex align-items-center pix-hover-item       animate-in pix-btn-div btn-lg\"   data-anim-type=\"fade-in-left\" data-anim-delay=\"0\" ><svg class=\"pixfort-icon font-weight-bold  pix-hover-left  mr-2\" width=\"24\" height=\"24\"  data-name=\"Line\/pixfort-icon-person-man-2\" viewBox=\"2 2 20 20\"><path fill=\"none\" stroke=\"var(--pf-icon-color)\" stroke-linecap=\"round\" stroke-linejoin=\"round\" stroke-width=\"var(--pf-icon-stroke-width)\" d=\"M20.859375,20.3240923 C20.83125,20.211441 20.240625,17.366996 17.146875,16.7755768 C16.6287363,16.6755603 16.1968523,16.5937626 15.8512229,16.5301837 C15.2494276,16.4194731 14.8125,15.8948413 14.8125,15.2829472 L14.8125,15.2829472 L14.8125,15.2829472 C15.403125,14.691528 15.853125,13.9311318 16.1625,13.0580843 C17.2875,12.635642 17.34375,10.5515932 17.34375,10.4952675 C17.34375,10.2136393 17.34375,9.48140595 16.865625,9.00263798 C16.809375,8.94631233 16.725,8.88998669 16.640625,8.83366105 C17.23125,6.74961225 16.628125,5.34835004 15.25,4.25 C13.5625,2.9545102 11.1,2.72232875 8.9625,4.13046983 C8.484375,4.15863265 8.0625,4.38393523 7.78125,4.77821473 C6.99375,5.79207631 7.190625,7.65082254 7.415625,8.7773354 C7.33125,8.83366105 7.21875,8.88998669 7.1625,8.97447516 C6.684375,9.45324312 6.684375,10.1854765 6.684375,10.4952675 C6.684375,10.5234303 6.76875,12.5793163 7.865625,13.0299215 C8.146875,13.9029689 8.625,14.6633651 9.215625,15.2547844 C9.215625,15.8926408 8.75752931,16.4383689 8.1293157,16.548861 C7.78552155,16.6093474 7.36012464,16.6849194 6.853125,16.7755768 C3.73125,17.3388332 3.140625,20.211441 3.140625,20.3240923 C3.07745534,20.6277144 3.27238058,20.9250579 3.57600272,20.9882276 C3.61362572,20.9960552 3.65195286,21 3.69038151,21 L20.3096185,21 C20.6197423,21 20.8711474,20.7485949 20.8711474,20.4384711 C20.8711474,20.4000424 20.8672026,20.3617153 20.859375,20.3240923 L20.859375,20.3240923 L20.859375,20.3240923 Z\"\/><\/svg><span class=\"font-weight-bold \" >\u0130leti\u015fime Ge\u00e7<\/span><\/a><\/div>\t\t\t\t<\/div>\n\t\t\t\t<\/div>\n\t\t\t\t\t<\/div>\n\t\t<\/div>\n\t\t\t\t\t<\/div>\n\t\t<\/section>\n\t\t\t\t<\/div>\n\t\t","protected":false},"excerpt":{"rendered":"<p>+0 Bir&#32; \u00e7ok&#32; ulusal&#32; marka&#32; bize&#32; g\u00fcvendi,&#32; s\u0131ra&#32; sizde!&#32; Rakiplerinizin \u00f6n\u00fcne ge\u00e7in \u0130leti\u015fime Ge\u00e7<\/p>\n","protected":false},"author":1,"featured_media":0,"parent":0,"menu_order":0,"comment_status":"closed","ping_status":"closed","template":"elementor_header_footer","meta":{"inline_featured_image":false,"footnotes":""},"class_list":["post-5669","page","type-page","status-publish","hentry"],"_links":{"self":[{"href":"https:\/\/ozdcreative.com\/index.php\/wp-json\/wp\/v2\/pages\/5669","targetHints":{"allow":["GET"]}}],"collection":[{"href":"https:\/\/ozdcreative.com\/index.php\/wp-json\/wp\/v2\/pages"}],"about":[{"href":"https:\/\/ozdcreative.com\/index.php\/wp-json\/wp\/v2\/types\/page"}],"author":[{"embeddable":true,"href":"https:\/\/ozdcreative.com\/index.php\/wp-json\/wp\/v2\/users\/1"}],"replies":[{"embeddable":true,"href":"https:\/\/ozdcreative.com\/index.php\/wp-json\/wp\/v2\/comments?post=5669"}],"version-history":[{"count":121,"href":"https:\/\/ozdcreative.com\/index.php\/wp-json\/wp\/v2\/pages\/5669\/revisions"}],"predecessor-version":[{"id":5833,"href":"https:\/\/ozdcreative.com\/index.php\/wp-json\/wp\/v2\/pages\/5669\/revisions\/5833"}],"wp:attachment":[{"href":"https:\/\/ozdcreative.com\/index.php\/wp-json\/wp\/v2\/media?parent=5669"}],"curies":[{"name":"wp","href":"https:\/\/api.w.org\/{rel}","templated":true}]}}